{"id":1268,"date":"2021-04-20T16:42:04","date_gmt":"2021-04-20T16:42:04","guid":{"rendered":"https:\/\/www.clauslinstant.com\/sobre-nosaltres\/"},"modified":"2021-04-20T16:42:04","modified_gmt":"2021-04-20T16:42:04","slug":"sobre-nosaltres","status":"publish","type":"page","link":"https:\/\/www.clauslinstant.com\/ca\/sobre-nosaltres\/","title":{"rendered":"Sobre nosaltres"},"content":{"rendered":"<div id='av-layout-grid-1'  class='av-layout-grid-container av-li73q-e1db10c26939acc99331ee70921182c6 entry-content-wrapper main_color av-flex-cells  avia-builder-el-0  el_before_av_section  avia-builder-el-first   container_wrap sidebar_right'  >\n\n<style type=\"text\/css\" data-created_by=\"avia_inline_auto\" id=\"style-css-av-5wbimm-bd1fcd8984c2856a1b14ec17aeb32efd\">\n.flex_cell.av-5wbimm-bd1fcd8984c2856a1b14ec17aeb32efd{\nvertical-align:middle;\nheight:500px;\nmin-height:500px;\nbackground-color:#0045ad;\n}\n.responsive #top #wrap_all .flex_cell.av-5wbimm-bd1fcd8984c2856a1b14ec17aeb32efd{\npadding:80px 80px 80px 80px !important;\n}\n<\/style>\n<div class='flex_cell av-5wbimm-bd1fcd8984c2856a1b14ec17aeb32efd av-gridrow-cell av_one_half no_margin  avia-builder-el-1  el_before_av_cell_one_half  avia-builder-el-first  content-align-middle avia-full-stretch'  ><div class='flex_cell_inner'><p>\n<style type=\"text\/css\" data-created_by=\"avia_inline_auto\" id=\"style-css-av-6zo5a-5913c88411a470a2f72481367e08e412\">\n#top .av-special-heading.av-6zo5a-5913c88411a470a2f72481367e08e412{\npadding-bottom:25px;\ncolor:#ffffff;\nfont-size:34px;\n}\nbody .av-special-heading.av-6zo5a-5913c88411a470a2f72481367e08e412 .av-special-heading-tag .heading-char{\nfont-size:25px;\n}\n#top #wrap_all .av-special-heading.av-6zo5a-5913c88411a470a2f72481367e08e412 .av-special-heading-tag{\nfont-size:34px;\n}\n.av-special-heading.av-6zo5a-5913c88411a470a2f72481367e08e412 .special-heading-inner-border{\nborder-color:#ffffff;\n}\n.av-special-heading.av-6zo5a-5913c88411a470a2f72481367e08e412 .av-subheading{\nfont-size:15px;\n}\n\n@media only screen and (min-width: 480px) and (max-width: 767px){ \n#top #wrap_all .av-special-heading.av-6zo5a-5913c88411a470a2f72481367e08e412 .av-special-heading-tag{\nfont-size:0.8em;\n}\n}\n\n@media only screen and (max-width: 479px){ \n#top #wrap_all .av-special-heading.av-6zo5a-5913c88411a470a2f72481367e08e412 .av-special-heading-tag{\nfont-size:0.8em;\n}\n}\n<\/style>\n<div  class='av-special-heading av-6zo5a-5913c88411a470a2f72481367e08e412 av-special-heading-h3 custom-color-heading blockquote modern-quote  avia-builder-el-2  el_before_av_textblock  avia-builder-el-first  av-inherit-size'><div class='av_custom_color av-subheading av-subheading_above'><p>Claus l&#8217;Instant<\/p>\n<\/div><h3 class='av-special-heading-tag '  itemprop=\"headline\"  >Sobre nosaltres<\/h3><div class=\"special-heading-border\"><div class=\"special-heading-inner-border\"><\/div><\/div><\/div><br \/>\n\n<style type=\"text\/css\" data-created_by=\"avia_inline_auto\" id=\"style-css-av-5hq2qe-130caca3c90c7c51b71afac0a37685b9\">\n#top .av_textblock_section.av-5hq2qe-130caca3c90c7c51b71afac0a37685b9 .avia_textblock{\ncolor:#ffffff;\n}\n<\/style>\n<section  class='av_textblock_section av-5hq2qe-130caca3c90c7c51b71afac0a37685b9 '   itemscope=\"itemscope\" itemtype=\"https:\/\/schema.org\/CreativeWork\" ><div class='avia_textblock av_inherit_color'  itemprop=\"text\" ><p>L\u2019instant \u00e9s un negoci que funciona com a reparaci\u00f3 de cal\u00e7at i c\u00f2pies de claus a Figueres des de principis dels anys 80.<\/p>\n<\/div><\/section><\/p>\n<\/div><\/div>\n<style type=\"text\/css\" data-created_by=\"avia_inline_auto\" id=\"style-css-av-5cyqiu-8bc56152deada83aa49ec2e3a4e93191\">\n.flex_cell.av-5cyqiu-8bc56152deada83aa49ec2e3a4e93191{\nvertical-align:middle;\nheight:500px;\nmin-height:500px;\nbackground:url(https:\/\/www.clauslinstant.com\/wp-content\/uploads\/2021\/03\/2021-03-10-18_53_07-linstant-figueres-Buscar-con-Google-845x684.jpg) 50% 50% no-repeat scroll #22689e;\n}\n.responsive #top #wrap_all .flex_cell.av-5cyqiu-8bc56152deada83aa49ec2e3a4e93191{\npadding:80px 80px 80px 80px !important;\n}\n<\/style>\n<div class='flex_cell av-5cyqiu-8bc56152deada83aa49ec2e3a4e93191 av-gridrow-cell av_one_half no_margin  avia-builder-el-4  el_after_av_cell_one_half  avia-builder-el-last  content-align-middle avia-full-stretch'  ><div class='flex_cell_inner'><\/div><\/div><\/div><div id='av_section_1'  class='avia-section av-3rjirq-8e7743ef5deaacd50cb9a2b8659a06cc main_color avia-section-huge avia-no-border-styling  avia-builder-el-5  el_after_av_layout_row  el_before_av_layout_row  avia-bg-style-scroll container_wrap sidebar_right'  ><div class='container av-section-cont-open' ><div class='template-page content  av-content-small alpha units'><div class='post-entry post-entry-type-page post-entry-1268'><div class='entry-content-wrapper clearfix'>\n\n<style type=\"text\/css\" data-created_by=\"avia_inline_auto\" id=\"style-css-av-3l4xue-c4d9e62ff21eab10314c6f3d98be9cb0\">\n.flex_column.av-3l4xue-c4d9e62ff21eab10314c6f3d98be9cb0{\nborder-radius:0px 0px 0px 0px;\npadding:0px 0px 0px 0px;\n}\n<\/style>\n<div  class='flex_column av-3l4xue-c4d9e62ff21eab10314c6f3d98be9cb0 av_one_full  avia-builder-el-6  avia-builder-el-no-sibling  first flex_column_div av-animated-generic bottom-to-top av-zero-column-padding  '     ><section  class='av_textblock_section av-39prdi-fdc9e42c10c2e56fe9a165fc9514bbad '   itemscope=\"itemscope\" itemtype=\"https:\/\/schema.org\/CreativeWork\" ><div class='avia_textblock'  itemprop=\"text\" ><p>Sabaters de professi\u00f3, invertim en maquin\u00e0ria moderna i d&#8217;\u00faltima generaci\u00f3 per a oferir als nostres clients uns acabats i resultats que garanteixin el nostre treball.<\/p>\n<p>Portem m\u00e9s de 20 anys dedicats al servei de duplicat de claus a Figueres i tota la comarca del Empord\u00e0. La nostra qualitat i experi\u00e8ncia, garanteix tots i cadascun dels nostres treballs realitzats.<\/p>\n<\/div><\/section><\/div><\/div><\/div><\/div><!-- close content main div --><\/div><\/div><div id='av-layout-grid-2'  class='av-layout-grid-container av-2lhnji-d43d7eff9610dc08ba540d596e65eebc entry-content-wrapper main_color av-flex-cells  avia-builder-el-8  el_after_av_section  avia-builder-el-last  grid-row-not-first  container_wrap sidebar_right'  >\n\n<style type=\"text\/css\" data-created_by=\"avia_inline_auto\" id=\"style-css-av-2fekyu-bbfd133ad62afb4ee3df98c9f5a42ae3\">\n.flex_cell.av-2fekyu-bbfd133ad62afb4ee3df98c9f5a42ae3{\nvertical-align:middle;\nheight:500px;\nmin-height:500px;\nbackground:url(https:\/\/www.clauslinstant.com\/wp-content\/uploads\/2021\/03\/2021-03-10-18_56_30-linstant-figueres-Buscar-con-Google-845x684.jpg) 50% 50% no-repeat scroll #22689e;\n}\n.responsive #top #wrap_all .flex_cell.av-2fekyu-bbfd133ad62afb4ee3df98c9f5a42ae3{\npadding:0px 0px 0px 0px !important;\n}\n<\/style>\n<div class='flex_cell av-2fekyu-bbfd133ad62afb4ee3df98c9f5a42ae3 av-gridrow-cell av_one_full no_margin  avia-builder-el-9  avia-builder-el-no-sibling  content-align-middle av-zero-padding avia-full-stretch'  ><div class='flex_cell_inner'><\/div><\/div><\/div><\/p>\n","protected":false},"excerpt":{"rendered":"","protected":false},"author":1,"featured_media":0,"parent":0,"menu_order":0,"comment_status":"closed","ping_status":"closed","template":"","meta":{"footnotes":""},"class_list":["post-1268","page","type-page","status-publish","hentry"],"yoast_head":"<!-- This site is optimized with the Yoast SEO plugin v27.2 - https:\/\/yoast.com\/product\/yoast-seo-wordpress\/ -->\n<title>Sobre nosaltres - L&#039;Instant, duplicat de claus a Figueres<\/title>\n<meta name=\"description\" content=\"L\u2019instant \u00e9s un negoci que funciona com a reparaci\u00f3 de cal\u00e7at i c\u00f2pies de claus a Figueres des de principis dels anys 80.\" \/>\n<meta name=\"robots\" content=\"index, follow, max-snippet:-1, max-image-preview:large, max-video-preview:-1\" \/>\n<link rel=\"canonical\" href=\"https:\/\/www.clauslinstant.com\/ca\/sobre-nosaltres\/\" \/>\n<meta property=\"og:locale\" content=\"ca_ES\" \/>\n<meta property=\"og:type\" content=\"article\" \/>\n<meta property=\"og:title\" content=\"Sobre nosaltres - L&#039;Instant, duplicat de claus a Figueres\" \/>\n<meta property=\"og:description\" content=\"L\u2019instant \u00e9s un negoci que funciona com a reparaci\u00f3 de cal\u00e7at i c\u00f2pies de claus a Figueres des de principis dels anys 80.\" \/>\n<meta property=\"og:url\" content=\"https:\/\/www.clauslinstant.com\/ca\/sobre-nosaltres\/\" \/>\n<meta property=\"og:site_name\" content=\"L&#039;Instant\" \/>\n<meta name=\"twitter:card\" content=\"summary_large_image\" \/>\n<meta name=\"twitter:label1\" content=\"Temps estimat de lectura\" \/>\n\t<meta name=\"twitter:data1\" content=\"3 minuts\" \/>\n<script type=\"application\/ld+json\" class=\"yoast-schema-graph\">{\"@context\":\"https:\/\/schema.org\",\"@graph\":[{\"@type\":\"WebPage\",\"@id\":\"https:\/\/www.clauslinstant.com\/ca\/sobre-nosaltres\/\",\"url\":\"https:\/\/www.clauslinstant.com\/ca\/sobre-nosaltres\/\",\"name\":\"Sobre nosaltres - L&#039;Instant, duplicat de claus a Figueres\",\"isPartOf\":{\"@id\":\"https:\/\/www.clauslinstant.com\/ca\/#website\"},\"datePublished\":\"2021-04-20T16:42:04+00:00\",\"description\":\"L\u2019instant \u00e9s un negoci que funciona com a reparaci\u00f3 de cal\u00e7at i c\u00f2pies de claus a Figueres des de principis dels anys 80.\",\"breadcrumb\":{\"@id\":\"https:\/\/www.clauslinstant.com\/ca\/sobre-nosaltres\/#breadcrumb\"},\"inLanguage\":\"ca\",\"potentialAction\":[{\"@type\":\"ReadAction\",\"target\":[\"https:\/\/www.clauslinstant.com\/ca\/sobre-nosaltres\/\"]}]},{\"@type\":\"BreadcrumbList\",\"@id\":\"https:\/\/www.clauslinstant.com\/ca\/sobre-nosaltres\/#breadcrumb\",\"itemListElement\":[{\"@type\":\"ListItem\",\"position\":1,\"name\":\"Portada\",\"item\":\"https:\/\/www.clauslinstant.com\/ca\/inicio\/\"},{\"@type\":\"ListItem\",\"position\":2,\"name\":\"Sobre nosaltres\"}]},{\"@type\":\"WebSite\",\"@id\":\"https:\/\/www.clauslinstant.com\/ca\/#website\",\"url\":\"https:\/\/www.clauslinstant.com\/ca\/\",\"name\":\"L&#039;Instant\",\"description\":\"Claus al moment a l&#039;Empord\u00e0\",\"publisher\":{\"@id\":\"https:\/\/www.clauslinstant.com\/ca\/#organization\"},\"potentialAction\":[{\"@type\":\"SearchAction\",\"target\":{\"@type\":\"EntryPoint\",\"urlTemplate\":\"https:\/\/www.clauslinstant.com\/ca\/?s={search_term_string}\"},\"query-input\":{\"@type\":\"PropertyValueSpecification\",\"valueRequired\":true,\"valueName\":\"search_term_string\"}}],\"inLanguage\":\"ca\"},{\"@type\":\"Organization\",\"@id\":\"https:\/\/www.clauslinstant.com\/ca\/#organization\",\"name\":\"Claus L'Instant\",\"url\":\"https:\/\/www.clauslinstant.com\/ca\/\",\"logo\":{\"@type\":\"ImageObject\",\"inLanguage\":\"ca\",\"@id\":\"https:\/\/www.clauslinstant.com\/ca\/#\/schema\/logo\/image\/\",\"url\":\"https:\/\/www.clauslinstant.com\/wp-content\/uploads\/2021\/03\/logo.png\",\"contentUrl\":\"https:\/\/www.clauslinstant.com\/wp-content\/uploads\/2021\/03\/logo.png\",\"width\":645,\"height\":387,\"caption\":\"Claus L'Instant\"},\"image\":{\"@id\":\"https:\/\/www.clauslinstant.com\/ca\/#\/schema\/logo\/image\/\"}}]}<\/script>\n<!-- \/ Yoast SEO plugin. -->","yoast_head_json":{"title":"Sobre nosaltres - L&#039;Instant, duplicat de claus a Figueres","description":"L\u2019instant \u00e9s un negoci que funciona com a reparaci\u00f3 de cal\u00e7at i c\u00f2pies de claus a Figueres des de principis dels anys 80.","robots":{"index":"index","follow":"follow","max-snippet":"max-snippet:-1","max-image-preview":"max-image-preview:large","max-video-preview":"max-video-preview:-1"},"canonical":"https:\/\/www.clauslinstant.com\/ca\/sobre-nosaltres\/","og_locale":"ca_ES","og_type":"article","og_title":"Sobre nosaltres - L&#039;Instant, duplicat de claus a Figueres","og_description":"L\u2019instant \u00e9s un negoci que funciona com a reparaci\u00f3 de cal\u00e7at i c\u00f2pies de claus a Figueres des de principis dels anys 80.","og_url":"https:\/\/www.clauslinstant.com\/ca\/sobre-nosaltres\/","og_site_name":"L&#039;Instant","twitter_card":"summary_large_image","twitter_misc":{"Temps estimat de lectura":"3 minuts"},"schema":{"@context":"https:\/\/schema.org","@graph":[{"@type":"WebPage","@id":"https:\/\/www.clauslinstant.com\/ca\/sobre-nosaltres\/","url":"https:\/\/www.clauslinstant.com\/ca\/sobre-nosaltres\/","name":"Sobre nosaltres - L&#039;Instant, duplicat de claus a Figueres","isPartOf":{"@id":"https:\/\/www.clauslinstant.com\/ca\/#website"},"datePublished":"2021-04-20T16:42:04+00:00","description":"L\u2019instant \u00e9s un negoci que funciona com a reparaci\u00f3 de cal\u00e7at i c\u00f2pies de claus a Figueres des de principis dels anys 80.","breadcrumb":{"@id":"https:\/\/www.clauslinstant.com\/ca\/sobre-nosaltres\/#breadcrumb"},"inLanguage":"ca","potentialAction":[{"@type":"ReadAction","target":["https:\/\/www.clauslinstant.com\/ca\/sobre-nosaltres\/"]}]},{"@type":"BreadcrumbList","@id":"https:\/\/www.clauslinstant.com\/ca\/sobre-nosaltres\/#breadcrumb","itemListElement":[{"@type":"ListItem","position":1,"name":"Portada","item":"https:\/\/www.clauslinstant.com\/ca\/inicio\/"},{"@type":"ListItem","position":2,"name":"Sobre nosaltres"}]},{"@type":"WebSite","@id":"https:\/\/www.clauslinstant.com\/ca\/#website","url":"https:\/\/www.clauslinstant.com\/ca\/","name":"L&#039;Instant","description":"Claus al moment a l&#039;Empord\u00e0","publisher":{"@id":"https:\/\/www.clauslinstant.com\/ca\/#organization"},"potentialAction":[{"@type":"SearchAction","target":{"@type":"EntryPoint","urlTemplate":"https:\/\/www.clauslinstant.com\/ca\/?s={search_term_string}"},"query-input":{"@type":"PropertyValueSpecification","valueRequired":true,"valueName":"search_term_string"}}],"inLanguage":"ca"},{"@type":"Organization","@id":"https:\/\/www.clauslinstant.com\/ca\/#organization","name":"Claus L'Instant","url":"https:\/\/www.clauslinstant.com\/ca\/","logo":{"@type":"ImageObject","inLanguage":"ca","@id":"https:\/\/www.clauslinstant.com\/ca\/#\/schema\/logo\/image\/","url":"https:\/\/www.clauslinstant.com\/wp-content\/uploads\/2021\/03\/logo.png","contentUrl":"https:\/\/www.clauslinstant.com\/wp-content\/uploads\/2021\/03\/logo.png","width":645,"height":387,"caption":"Claus L'Instant"},"image":{"@id":"https:\/\/www.clauslinstant.com\/ca\/#\/schema\/logo\/image\/"}}]}},"_links":{"self":[{"href":"https:\/\/www.clauslinstant.com\/ca\/wp-json\/wp\/v2\/pages\/1268","targetHints":{"allow":["GET"]}}],"collection":[{"href":"https:\/\/www.clauslinstant.com\/ca\/wp-json\/wp\/v2\/pages"}],"about":[{"href":"https:\/\/www.clauslinstant.com\/ca\/wp-json\/wp\/v2\/types\/page"}],"author":[{"embeddable":true,"href":"https:\/\/www.clauslinstant.com\/ca\/wp-json\/wp\/v2\/users\/1"}],"replies":[{"embeddable":true,"href":"https:\/\/www.clauslinstant.com\/ca\/wp-json\/wp\/v2\/comments?post=1268"}],"version-history":[{"count":2,"href":"https:\/\/www.clauslinstant.com\/ca\/wp-json\/wp\/v2\/pages\/1268\/revisions"}],"predecessor-version":[{"id":1270,"href":"https:\/\/www.clauslinstant.com\/ca\/wp-json\/wp\/v2\/pages\/1268\/revisions\/1270"}],"wp:attachment":[{"href":"https:\/\/www.clauslinstant.com\/ca\/wp-json\/wp\/v2\/media?parent=1268"}],"curies":[{"name":"wp","href":"https:\/\/api.w.org\/{rel}","templated":true}]}}