{"id":1256,"date":"2021-04-20T16:33:34","date_gmt":"2021-04-20T16:33:34","guid":{"rendered":"https:\/\/www.clauslinstant.com\/avis-legal\/"},"modified":"2021-04-20T16:33:34","modified_gmt":"2021-04-20T16:33:34","slug":"avis-legal","status":"publish","type":"page","link":"https:\/\/www.clauslinstant.com\/ca\/avis-legal\/","title":{"rendered":"Av\u00eds legal"},"content":{"rendered":"<div>El titular de este sitio web es RAFAEL ANTONIO RAMIREZ FUENTES, con N.I.F. 52530637v, con domicilio en C\/ Sant Crist\u00f2fol, 13 Figueres (Girona) 17600.<\/div>\n<div><\/div>\n<div>El acceso al sitio web de www.clauslinstant.com es gratuito. Todo el contenido es propiedad intelectual de RAFAEL ANTONIO RAMIREZ FUENTES. Cualquier utilizaci\u00f3n de los mismos contraria a las normas en materia de propiedad intelectual ser\u00e1 perseguida con arreglo a la legislaci\u00f3n vigente.<\/div>\n","protected":false},"excerpt":{"rendered":"<p>El titular de este sitio web es RAFAEL ANTONIO RAMIREZ FUENTES, con N.I.F. 52530637v, con domicilio en C\/ Sant Crist\u00f2fol, 13 Figueres (Girona) 17600. El acceso al sitio web de www.clauslinstant.com es gratuito. Todo el contenido es propiedad intelectual de RAFAEL ANTONIO RAMIREZ FUENTES. Cualquier utilizaci\u00f3n de los mismos contraria a las normas en materia [&hellip;]<\/p>\n","protected":false},"author":1,"featured_media":0,"parent":0,"menu_order":0,"comment_status":"closed","ping_status":"closed","template":"","meta":{"footnotes":""},"class_list":["post-1256","page","type-page","status-publish","hentry"],"yoast_head":"<!-- This site is optimized with the Yoast SEO plugin v27.2 - https:\/\/yoast.com\/product\/yoast-seo-wordpress\/ -->\n<title>Av\u00eds legal - L&#039;Instant<\/title>\n<meta name=\"robots\" content=\"noindex, nofollow\" \/>\n<meta property=\"og:locale\" content=\"ca_ES\" \/>\n<meta property=\"og:type\" content=\"article\" \/>\n<meta property=\"og:title\" content=\"Av\u00eds legal - L&#039;Instant\" \/>\n<meta property=\"og:description\" content=\"El titular de este sitio web es RAFAEL ANTONIO RAMIREZ FUENTES, con N.I.F. 52530637v, con domicilio en C\/ Sant Crist\u00f2fol, 13 Figueres (Girona) 17600. El acceso al sitio web de www.clauslinstant.com es gratuito. Todo el contenido es propiedad intelectual de RAFAEL ANTONIO RAMIREZ FUENTES. Cualquier utilizaci\u00f3n de los mismos contraria a las normas en materia [&hellip;]\" \/>\n<meta property=\"og:url\" content=\"https:\/\/www.clauslinstant.com\/ca\/avis-legal\/\" \/>\n<meta property=\"og:site_name\" content=\"L&#039;Instant\" \/>\n<meta name=\"twitter:card\" content=\"summary_large_image\" \/>\n<script type=\"application\/ld+json\" class=\"yoast-schema-graph\">{\"@context\":\"https:\/\/schema.org\",\"@graph\":[{\"@type\":\"WebPage\",\"@id\":\"https:\/\/www.clauslinstant.com\/ca\/avis-legal\/\",\"url\":\"https:\/\/www.clauslinstant.com\/ca\/avis-legal\/\",\"name\":\"Av\u00eds legal - L&#039;Instant\",\"isPartOf\":{\"@id\":\"https:\/\/www.clauslinstant.com\/ca\/#website\"},\"datePublished\":\"2021-04-20T16:33:34+00:00\",\"breadcrumb\":{\"@id\":\"https:\/\/www.clauslinstant.com\/ca\/avis-legal\/#breadcrumb\"},\"inLanguage\":\"ca\",\"potentialAction\":[{\"@type\":\"ReadAction\",\"target\":[\"https:\/\/www.clauslinstant.com\/ca\/avis-legal\/\"]}]},{\"@type\":\"BreadcrumbList\",\"@id\":\"https:\/\/www.clauslinstant.com\/ca\/avis-legal\/#breadcrumb\",\"itemListElement\":[{\"@type\":\"ListItem\",\"position\":1,\"name\":\"Portada\",\"item\":\"https:\/\/www.clauslinstant.com\/ca\/inicio\/\"},{\"@type\":\"ListItem\",\"position\":2,\"name\":\"Av\u00eds legal\"}]},{\"@type\":\"WebSite\",\"@id\":\"https:\/\/www.clauslinstant.com\/ca\/#website\",\"url\":\"https:\/\/www.clauslinstant.com\/ca\/\",\"name\":\"L&#039;Instant\",\"description\":\"Claus al moment a l&#039;Empord\u00e0\",\"publisher\":{\"@id\":\"https:\/\/www.clauslinstant.com\/ca\/#organization\"},\"potentialAction\":[{\"@type\":\"SearchAction\",\"target\":{\"@type\":\"EntryPoint\",\"urlTemplate\":\"https:\/\/www.clauslinstant.com\/ca\/?s={search_term_string}\"},\"query-input\":{\"@type\":\"PropertyValueSpecification\",\"valueRequired\":true,\"valueName\":\"search_term_string\"}}],\"inLanguage\":\"ca\"},{\"@type\":\"Organization\",\"@id\":\"https:\/\/www.clauslinstant.com\/ca\/#organization\",\"name\":\"Claus L'Instant\",\"url\":\"https:\/\/www.clauslinstant.com\/ca\/\",\"logo\":{\"@type\":\"ImageObject\",\"inLanguage\":\"ca\",\"@id\":\"https:\/\/www.clauslinstant.com\/ca\/#\/schema\/logo\/image\/\",\"url\":\"https:\/\/www.clauslinstant.com\/wp-content\/uploads\/2021\/03\/logo.png\",\"contentUrl\":\"https:\/\/www.clauslinstant.com\/wp-content\/uploads\/2021\/03\/logo.png\",\"width\":645,\"height\":387,\"caption\":\"Claus L'Instant\"},\"image\":{\"@id\":\"https:\/\/www.clauslinstant.com\/ca\/#\/schema\/logo\/image\/\"}}]}<\/script>\n<!-- \/ Yoast SEO plugin. -->","yoast_head_json":{"title":"Av\u00eds legal - L&#039;Instant","robots":{"index":"noindex","follow":"nofollow"},"og_locale":"ca_ES","og_type":"article","og_title":"Av\u00eds legal - L&#039;Instant","og_description":"El titular de este sitio web es RAFAEL ANTONIO RAMIREZ FUENTES, con N.I.F. 52530637v, con domicilio en C\/ Sant Crist\u00f2fol, 13 Figueres (Girona) 17600. El acceso al sitio web de www.clauslinstant.com es gratuito. Todo el contenido es propiedad intelectual de RAFAEL ANTONIO RAMIREZ FUENTES. Cualquier utilizaci\u00f3n de los mismos contraria a las normas en materia [&hellip;]","og_url":"https:\/\/www.clauslinstant.com\/ca\/avis-legal\/","og_site_name":"L&#039;Instant","twitter_card":"summary_large_image","schema":{"@context":"https:\/\/schema.org","@graph":[{"@type":"WebPage","@id":"https:\/\/www.clauslinstant.com\/ca\/avis-legal\/","url":"https:\/\/www.clauslinstant.com\/ca\/avis-legal\/","name":"Av\u00eds legal - L&#039;Instant","isPartOf":{"@id":"https:\/\/www.clauslinstant.com\/ca\/#website"},"datePublished":"2021-04-20T16:33:34+00:00","breadcrumb":{"@id":"https:\/\/www.clauslinstant.com\/ca\/avis-legal\/#breadcrumb"},"inLanguage":"ca","potentialAction":[{"@type":"ReadAction","target":["https:\/\/www.clauslinstant.com\/ca\/avis-legal\/"]}]},{"@type":"BreadcrumbList","@id":"https:\/\/www.clauslinstant.com\/ca\/avis-legal\/#breadcrumb","itemListElement":[{"@type":"ListItem","position":1,"name":"Portada","item":"https:\/\/www.clauslinstant.com\/ca\/inicio\/"},{"@type":"ListItem","position":2,"name":"Av\u00eds legal"}]},{"@type":"WebSite","@id":"https:\/\/www.clauslinstant.com\/ca\/#website","url":"https:\/\/www.clauslinstant.com\/ca\/","name":"L&#039;Instant","description":"Claus al moment a l&#039;Empord\u00e0","publisher":{"@id":"https:\/\/www.clauslinstant.com\/ca\/#organization"},"potentialAction":[{"@type":"SearchAction","target":{"@type":"EntryPoint","urlTemplate":"https:\/\/www.clauslinstant.com\/ca\/?s={search_term_string}"},"query-input":{"@type":"PropertyValueSpecification","valueRequired":true,"valueName":"search_term_string"}}],"inLanguage":"ca"},{"@type":"Organization","@id":"https:\/\/www.clauslinstant.com\/ca\/#organization","name":"Claus L'Instant","url":"https:\/\/www.clauslinstant.com\/ca\/","logo":{"@type":"ImageObject","inLanguage":"ca","@id":"https:\/\/www.clauslinstant.com\/ca\/#\/schema\/logo\/image\/","url":"https:\/\/www.clauslinstant.com\/wp-content\/uploads\/2021\/03\/logo.png","contentUrl":"https:\/\/www.clauslinstant.com\/wp-content\/uploads\/2021\/03\/logo.png","width":645,"height":387,"caption":"Claus L'Instant"},"image":{"@id":"https:\/\/www.clauslinstant.com\/ca\/#\/schema\/logo\/image\/"}}]}},"_links":{"self":[{"href":"https:\/\/www.clauslinstant.com\/ca\/wp-json\/wp\/v2\/pages\/1256","targetHints":{"allow":["GET"]}}],"collection":[{"href":"https:\/\/www.clauslinstant.com\/ca\/wp-json\/wp\/v2\/pages"}],"about":[{"href":"https:\/\/www.clauslinstant.com\/ca\/wp-json\/wp\/v2\/types\/page"}],"author":[{"embeddable":true,"href":"https:\/\/www.clauslinstant.com\/ca\/wp-json\/wp\/v2\/users\/1"}],"replies":[{"embeddable":true,"href":"https:\/\/www.clauslinstant.com\/ca\/wp-json\/wp\/v2\/comments?post=1256"}],"version-history":[{"count":0,"href":"https:\/\/www.clauslinstant.com\/ca\/wp-json\/wp\/v2\/pages\/1256\/revisions"}],"wp:attachment":[{"href":"https:\/\/www.clauslinstant.com\/ca\/wp-json\/wp\/v2\/media?parent=1256"}],"curies":[{"name":"wp","href":"https:\/\/api.w.org\/{rel}","templated":true}]}}